{"id":289,"date":"2023-08-03T12:23:43","date_gmt":"2023-08-03T10:23:43","guid":{"rendered":"https:\/\/www.lagencerie.fr\/hossegor\/?page_id=289"},"modified":"2023-08-03T12:23:47","modified_gmt":"2023-08-03T10:23:47","slug":"test_blog","status":"publish","type":"page","link":"https:\/\/www.lagencerie.fr\/hossegor\/test_blog\/","title":{"rendered":"test_blog"},"content":{"rendered":"<div id=\"bsf_rt_marker\"><\/div><p>[et_pb_section fb_built=&nbsp;&raquo;1&Prime; admin_label=&nbsp;&raquo;section&nbsp;&raquo; _builder_version=&nbsp;&raquo;4.16&Prime; global_colors_info=&nbsp;&raquo;{}&nbsp;&raquo;][et_pb_row admin_label=&nbsp;&raquo;row&nbsp;&raquo; _builder_version=&nbsp;&raquo;4.16&Prime; background_size=&nbsp;&raquo;initial&nbsp;&raquo; background_position=&nbsp;&raquo;top_left&nbsp;&raquo; background_repeat=&nbsp;&raquo;repeat&nbsp;&raquo; global_colors_info=&nbsp;&raquo;{}&nbsp;&raquo;][et_pb_column type=&nbsp;&raquo;4_4&Prime; _builder_version=&nbsp;&raquo;4.16&Prime; custom_padding=&nbsp;&raquo;|||&nbsp;&raquo; global_colors_info=&nbsp;&raquo;{}&nbsp;&raquo; custom_padding__hover=&nbsp;&raquo;|||&nbsp;&raquo;][et_pb_text _builder_version=&nbsp;&raquo;4.17.6&Prime; _module_preset=&nbsp;&raquo;default&nbsp;&raquo; hover_enabled=&nbsp;&raquo;0&Prime; sticky_enabled=&nbsp;&raquo;0&Prime;]<\/p>\n<div class=\"list exclu_blog blog_2023\"><div class=\"item js-marker item_bien item_blog_2023 \" data-lat=\"4\" data-lng=\"2\" data-price=\"2\">\n                        <a href=\"https:\/\/www.lagencerie.fr\/hossegor\/2024\/11\/28\/guide-franchise-immobiliere\/\">\n\n<img src=\"https:\/\/www.lagencerie.fr\/hossegor\/wp-content\/uploads\/sites\/7\/2023\/09\/franchise-agence-immobiliere-400x250.jpg\" alt=\"Franchise\" immobili : le guide complet pour ouvrir votre agence class=\"\" srcset=\"https:\/\/www.lagencerie.fr\/hossegor\/wp-content\/uploads\/sites\/7\/2023\/09\/franchise-agence-immobiliere.jpg 479w, https:\/\/www.lagencerie.fr\/hossegor\/wp-content\/uploads\/sites\/7\/2023\/09\/franchise-agence-immobiliere-400x250.jpg 480w\" sizes=\"(max-width:479px) 479px, 100vw\" width=\"400\" height=\"250\"><img src=\"https:\/\/www.lagencerie.fr\/hossegor\/wp-content\/uploads\/sites\/7\/2023\/09\/franchise-agence-immobiliere-400x250.jpg\" alt=\"\" style=\"display:none;\"><div class=\"info_prix_mandat info_bloc\">\n                            <span class=\"info_titre\">Franchise immobili&egrave;re : Le guide complet pour ouvrir votre agence<\/span>\n                            <span class=\"info_date\">28\/11\/2024<\/span><\/div><\/a><\/div><div class=\"item js-marker item_bien item_blog_2023 \" data-lat=\"4\" data-lng=\"2\" data-price=\"2\">\n                        <a href=\"https:\/\/www.lagencerie.fr\/hossegor\/2024\/10\/23\/investissement-locatif-nouvelle-aquitaine\/\">\n\n<img src=\"https:\/\/www.lagencerie.fr\/hossegor\/wp-content\/uploads\/sites\/7\/2024\/10\/Nouvelle-Aquitaine-400x250.png\" alt=\"Investissement\" locatif en nouvelle-aquitaine : guide complet pour un placement r class=\"\" srcset=\"https:\/\/www.lagencerie.fr\/hossegor\/wp-content\/uploads\/sites\/7\/2024\/10\/Nouvelle-Aquitaine.png 479w, https:\/\/www.lagencerie.fr\/hossegor\/wp-content\/uploads\/sites\/7\/2024\/10\/Nouvelle-Aquitaine-400x250.png 480w\" sizes=\"(max-width:479px) 479px, 100vw\" width=\"400\" height=\"250\"><img src=\"https:\/\/www.lagencerie.fr\/hossegor\/wp-content\/uploads\/sites\/7\/2024\/10\/Nouvelle-Aquitaine-400x250.png\" alt=\"\" style=\"display:none;\"><div class=\"info_prix_mandat info_bloc\">\n                            <span class=\"info_titre\">Investissement locatif en Nouvelle-Aquitaine : guide complet pour un placement r&eacute;ussi<\/span>\n                            <span class=\"info_date\">23\/10\/2024<\/span><\/div><\/a><\/div><div class=\"item js-marker item_bien item_blog_2023 \" data-lat=\"4\" data-lng=\"2\" data-price=\"2\">\n                        <a href=\"https:\/\/www.lagencerie.fr\/hossegor\/2024\/09\/26\/residence-secondaire-bord-de-mer\/\">\n\n<img src=\"https:\/\/www.lagencerie.fr\/hossegor\/wp-content\/uploads\/sites\/7\/2024\/09\/Re%CC%81sidence-Atlantique-400x250.png\" alt=\"R&eacute;sidence\" secondaire en bord de mer : o faut-il acheter les conseils l class=\"\" srcset=\"https:\/\/www.lagencerie.fr\/hossegor\/wp-content\/uploads\/sites\/7\/2024\/09\/Re&#769;sidence-Atlantique.png 479w, https:\/\/www.lagencerie.fr\/hossegor\/wp-content\/uploads\/sites\/7\/2024\/09\/Re&#769;sidence-Atlantique-400x250.png 480w\" sizes=\"(max-width:479px) 479px, 100vw\" width=\"400\" height=\"250\"><img src=\"https:\/\/www.lagencerie.fr\/hossegor\/wp-content\/uploads\/sites\/7\/2024\/09\/Re%CC%81sidence-Atlantique-400x250.png\" alt=\"\" style=\"display:none;\"><div class=\"info_prix_mandat info_bloc\">\n                            <span class=\"info_titre\">R&eacute;sidence secondaire en bord de mer : o&ugrave; faut-il acheter ? Les conseils de L&rsquo;Agencerie<\/span>\n                            <span class=\"info_date\">26\/09\/2024<\/span><\/div><\/a><\/div><div class=\"item js-marker item_bien item_blog_2023 item_bien_last\" data-lat=\"4\" data-lng=\"2\" data-price=\"2\">\n                        <a href=\"https:\/\/www.lagencerie.fr\/hossegor\/2024\/09\/26\/conseils-negociation-vendeur\/\">\n\n<img src=\"https:\/\/www.lagencerie.fr\/hossegor\/wp-content\/uploads\/sites\/7\/2024\/09\/Ne%CC%81gociation-400x250.png\" alt=\"N&eacute;gociation\" immobili vendeur : conseils indispensables pour optimiser votre projet class=\"\" srcset=\"https:\/\/www.lagencerie.fr\/hossegor\/wp-content\/uploads\/sites\/7\/2024\/09\/Ne&#769;gociation.png 479w, https:\/\/www.lagencerie.fr\/hossegor\/wp-content\/uploads\/sites\/7\/2024\/09\/Ne&#769;gociation-400x250.png 480w\" sizes=\"(max-width:479px) 479px, 100vw\" width=\"400\" height=\"250\"><img src=\"https:\/\/www.lagencerie.fr\/hossegor\/wp-content\/uploads\/sites\/7\/2024\/09\/Ne%CC%81gociation-400x250.png\" alt=\"\" style=\"display:none;\"><div class=\"info_prix_mandat info_bloc\">\n                            <span class=\"info_titre\">N&eacute;gociation immobili&egrave;re vendeur : 9 conseils indispensables pour optimiser votre projet<\/span>\n                            <span class=\"info_date\">26\/09\/2024<\/span><\/div><\/a><\/div>\n<p>[\/et_pb_text][\/et_pb_column][\/et_pb_row][\/et_pb_section]<\/p><\/div>","protected":false},"excerpt":{"rendered":"<p>La n\u00e9gociation immobili\u00e8re est un art d\u00e9licat, surtout pour les vendeurs. En effet, la vente d&rsquo;un bien est souvent l&rsquo;une des transactions financi\u00e8res les plus importantes dans une vie, et pour ne rien arranger, ces op\u00e9rations jouent sur nos \u00e9motions. Pour maximiser vos chances de vendre au meilleur prix, il est crucial de ma\u00eetriser les [&hellip;]<\/p>\n","protected":false},"author":1,"featured_media":0,"parent":0,"menu_order":0,"comment_status":"closed","ping_status":"closed","template":"","meta":{"_et_pb_use_builder":"on","_et_pb_old_content":"","_et_gb_content_width":"","inline_featured_image":false,"footnotes":""},"class_list":["post-289","page","type-page","status-publish","hentry"],"yoast_head":"<!-- This site is optimized with the Yoast SEO Premium plugin v20.1 (Yoast SEO v26.6) - https:\/\/yoast.com\/wordpress\/plugins\/seo\/ -->\n<title>test_blog - L&#039;Agencerie Hossegor<\/title>\n<meta name=\"robots\" content=\"index, follow, max-snippet:-1, max-image-preview:large, max-video-preview:-1\" \/>\n<link rel=\"canonical\" href=\"https:\/\/www.lagencerie.fr\/hossegor\/test_blog\/\" \/>\n<meta property=\"og:locale\" content=\"fr_FR\" \/>\n<meta property=\"og:type\" content=\"article\" \/>\n<meta property=\"og:title\" content=\"test_blog\" \/>\n<meta property=\"og:description\" content=\"La n\u00e9gociation immobili\u00e8re est un art d\u00e9licat, surtout pour les vendeurs. En effet, la vente d&#039;un bien est souvent l&#039;une des transactions financi\u00e8res les plus importantes dans une vie, et pour ne rien arranger, ces op\u00e9rations jouent sur nos \u00e9motions. Pour maximiser vos chances de vendre au meilleur prix, il est crucial de ma\u00eetriser les [&hellip;]\" \/>\n<meta property=\"og:url\" content=\"https:\/\/www.lagencerie.fr\/hossegor\/test_blog\/\" \/>\n<meta property=\"og:site_name\" content=\"L&#039;Agencerie Hossegor\" \/>\n<meta property=\"article:modified_time\" content=\"2023-08-03T10:23:47+00:00\" \/>\n<meta name=\"twitter:card\" content=\"summary_large_image\" \/>\n<meta name=\"twitter:label1\" content=\"Dur\u00e9e de lecture estim\u00e9e\" \/>\n\t<meta name=\"twitter:data1\" content=\"1 minute\" \/>\n<script type=\"application\/ld+json\" class=\"yoast-schema-graph\">{\"@context\":\"https:\/\/schema.org\",\"@graph\":[{\"@type\":\"WebPage\",\"@id\":\"https:\/\/www.lagencerie.fr\/hossegor\/test_blog\/\",\"url\":\"https:\/\/www.lagencerie.fr\/hossegor\/test_blog\/\",\"name\":\"test_blog - L'Agencerie Hossegor\",\"isPartOf\":{\"@id\":\"https:\/\/www.lagencerie.fr\/hossegor\/#website\"},\"datePublished\":\"2023-08-03T10:23:43+00:00\",\"dateModified\":\"2023-08-03T10:23:47+00:00\",\"breadcrumb\":{\"@id\":\"https:\/\/www.lagencerie.fr\/hossegor\/test_blog\/#breadcrumb\"},\"inLanguage\":\"fr-FR\",\"potentialAction\":[{\"@type\":\"ReadAction\",\"target\":[\"https:\/\/www.lagencerie.fr\/hossegor\/test_blog\/\"]}]},{\"@type\":\"BreadcrumbList\",\"@id\":\"https:\/\/www.lagencerie.fr\/hossegor\/test_blog\/#breadcrumb\",\"itemListElement\":[{\"@type\":\"ListItem\",\"position\":1,\"name\":\"Accueil\",\"item\":\"https:\/\/www.lagencerie.fr\/hossegor\/\"},{\"@type\":\"ListItem\",\"position\":2,\"name\":\"test_blog\"}]},{\"@type\":\"WebSite\",\"@id\":\"https:\/\/www.lagencerie.fr\/hossegor\/#website\",\"url\":\"https:\/\/www.lagencerie.fr\/hossegor\/\",\"name\":\"L'Agencerie Hossegor\",\"description\":\"Un site utilisant Les sites de l&#039;agencerie\",\"publisher\":{\"@id\":\"https:\/\/www.lagencerie.fr\/hossegor\/#organization\"},\"potentialAction\":[{\"@type\":\"SearchAction\",\"target\":{\"@type\":\"EntryPoint\",\"urlTemplate\":\"https:\/\/www.lagencerie.fr\/hossegor\/?s={search_term_string}\"},\"query-input\":{\"@type\":\"PropertyValueSpecification\",\"valueRequired\":true,\"valueName\":\"search_term_string\"}}],\"inLanguage\":\"fr-FR\"},{\"@type\":[\"Organization\",\"Place\",\"RealEstateAgent\"],\"@id\":\"https:\/\/www.lagencerie.fr\/hossegor\/#organization\",\"name\":\"L'Agencerie - Agence immobili\u00e8re Hossegor\",\"alternateName\":\"L'Agencerie Hossegor\",\"url\":\"https:\/\/www.lagencerie.fr\/hossegor\/\",\"logo\":{\"@id\":\"https:\/\/www.lagencerie.fr\/hossegor\/test_blog\/#local-main-organization-logo\"},\"image\":{\"@id\":\"https:\/\/www.lagencerie.fr\/hossegor\/test_blog\/#local-main-organization-logo\"},\"address\":{\"@id\":\"https:\/\/www.lagencerie.fr\/hossegor\/test_blog\/#local-main-place-address\"},\"geo\":{\"@type\":\"GeoCoordinates\",\"latitude\":\"43.673814\",\"longitude\":\"-1.379478\"},\"telephone\":[\"0535399089\"],\"openingHoursSpecification\":[{\"@type\":\"OpeningHoursSpecification\",\"dayOfWeek\":[\"Monday\",\"Tuesday\",\"Wednesday\",\"Thursday\",\"Friday\",\"Saturday\"],\"opens\":\"09:00\",\"closes\":\"18:00\"},{\"@type\":\"OpeningHoursSpecification\",\"dayOfWeek\":[\"Sunday\"],\"opens\":\"00:00\",\"closes\":\"00:00\"}],\"email\":\"hossegor@lagencerie.fr\",\"areaServed\":\"Hossegor\",\"priceRange\":\"$$$\",\"currenciesAccepted\":\"Euro\"},{\"@type\":\"PostalAddress\",\"@id\":\"https:\/\/www.lagencerie.fr\/hossegor\/test_blog\/#local-main-place-address\",\"streetAddress\":\"134, impasse des r\u00e9mouleurs\",\"addressLocality\":\"Soorts-Hossegor\",\"postalCode\":\"40150\",\"addressCountry\":\"FR\"},{\"@type\":\"ImageObject\",\"inLanguage\":\"fr-FR\",\"@id\":\"https:\/\/www.lagencerie.fr\/hossegor\/test_blog\/#local-main-organization-logo\",\"url\":\"https:\/\/www.lagencerie.fr\/hossegor\/wp-content\/uploads\/sites\/7\/2022\/12\/cropped-favicon-lagencerie.webp\",\"contentUrl\":\"https:\/\/www.lagencerie.fr\/hossegor\/wp-content\/uploads\/sites\/7\/2022\/12\/cropped-favicon-lagencerie.webp\",\"width\":512,\"height\":512,\"caption\":\"L'Agencerie - Agence immobili\u00e8re Hossegor\"}]}<\/script>\n<meta name=\"geo.placename\" content=\"Soorts-Hossegor\" \/>\n<meta name=\"geo.position\" content=\"43.673814;-1.379478\" \/>\n<meta name=\"geo.region\" content=\"France\" \/>\n<!-- \/ Yoast SEO Premium plugin. -->","yoast_head_json":{"title":"test_blog - L'Agencerie Hossegor","robots":{"index":"index","follow":"follow","max-snippet":"max-snippet:-1","max-image-preview":"max-image-preview:large","max-video-preview":"max-video-preview:-1"},"canonical":"https:\/\/www.lagencerie.fr\/hossegor\/test_blog\/","og_locale":"fr_FR","og_type":"article","og_title":"test_blog","og_description":"La n\u00e9gociation immobili\u00e8re est un art d\u00e9licat, surtout pour les vendeurs. En effet, la vente d'un bien est souvent l'une des transactions financi\u00e8res les plus importantes dans une vie, et pour ne rien arranger, ces op\u00e9rations jouent sur nos \u00e9motions. Pour maximiser vos chances de vendre au meilleur prix, il est crucial de ma\u00eetriser les [&hellip;]","og_url":"https:\/\/www.lagencerie.fr\/hossegor\/test_blog\/","og_site_name":"L'Agencerie Hossegor","article_modified_time":"2023-08-03T10:23:47+00:00","twitter_card":"summary_large_image","twitter_misc":{"Dur\u00e9e de lecture estim\u00e9e":"1 minute"},"schema":{"@context":"https:\/\/schema.org","@graph":[{"@type":"WebPage","@id":"https:\/\/www.lagencerie.fr\/hossegor\/test_blog\/","url":"https:\/\/www.lagencerie.fr\/hossegor\/test_blog\/","name":"test_blog - L'Agencerie Hossegor","isPartOf":{"@id":"https:\/\/www.lagencerie.fr\/hossegor\/#website"},"datePublished":"2023-08-03T10:23:43+00:00","dateModified":"2023-08-03T10:23:47+00:00","breadcrumb":{"@id":"https:\/\/www.lagencerie.fr\/hossegor\/test_blog\/#breadcrumb"},"inLanguage":"fr-FR","potentialAction":[{"@type":"ReadAction","target":["https:\/\/www.lagencerie.fr\/hossegor\/test_blog\/"]}]},{"@type":"BreadcrumbList","@id":"https:\/\/www.lagencerie.fr\/hossegor\/test_blog\/#breadcrumb","itemListElement":[{"@type":"ListItem","position":1,"name":"Accueil","item":"https:\/\/www.lagencerie.fr\/hossegor\/"},{"@type":"ListItem","position":2,"name":"test_blog"}]},{"@type":"WebSite","@id":"https:\/\/www.lagencerie.fr\/hossegor\/#website","url":"https:\/\/www.lagencerie.fr\/hossegor\/","name":"L'Agencerie Hossegor","description":"Un site utilisant Les sites de l&#039;agencerie","publisher":{"@id":"https:\/\/www.lagencerie.fr\/hossegor\/#organization"},"potentialAction":[{"@type":"SearchAction","target":{"@type":"EntryPoint","urlTemplate":"https:\/\/www.lagencerie.fr\/hossegor\/?s={search_term_string}"},"query-input":{"@type":"PropertyValueSpecification","valueRequired":true,"valueName":"search_term_string"}}],"inLanguage":"fr-FR"},{"@type":["Organization","Place","RealEstateAgent"],"@id":"https:\/\/www.lagencerie.fr\/hossegor\/#organization","name":"L'Agencerie - Agence immobili\u00e8re Hossegor","alternateName":"L'Agencerie Hossegor","url":"https:\/\/www.lagencerie.fr\/hossegor\/","logo":{"@id":"https:\/\/www.lagencerie.fr\/hossegor\/test_blog\/#local-main-organization-logo"},"image":{"@id":"https:\/\/www.lagencerie.fr\/hossegor\/test_blog\/#local-main-organization-logo"},"address":{"@id":"https:\/\/www.lagencerie.fr\/hossegor\/test_blog\/#local-main-place-address"},"geo":{"@type":"GeoCoordinates","latitude":"43.673814","longitude":"-1.379478"},"telephone":["0535399089"],"openingHoursSpecification":[{"@type":"OpeningHoursSpecification","dayOfWeek":["Monday","Tuesday","Wednesday","Thursday","Friday","Saturday"],"opens":"09:00","closes":"18:00"},{"@type":"OpeningHoursSpecification","dayOfWeek":["Sunday"],"opens":"00:00","closes":"00:00"}],"email":"hossegor@lagencerie.fr","areaServed":"Hossegor","priceRange":"$$$","currenciesAccepted":"Euro"},{"@type":"PostalAddress","@id":"https:\/\/www.lagencerie.fr\/hossegor\/test_blog\/#local-main-place-address","streetAddress":"134, impasse des r\u00e9mouleurs","addressLocality":"Soorts-Hossegor","postalCode":"40150","addressCountry":"FR"},{"@type":"ImageObject","inLanguage":"fr-FR","@id":"https:\/\/www.lagencerie.fr\/hossegor\/test_blog\/#local-main-organization-logo","url":"https:\/\/www.lagencerie.fr\/hossegor\/wp-content\/uploads\/sites\/7\/2022\/12\/cropped-favicon-lagencerie.webp","contentUrl":"https:\/\/www.lagencerie.fr\/hossegor\/wp-content\/uploads\/sites\/7\/2022\/12\/cropped-favicon-lagencerie.webp","width":512,"height":512,"caption":"L'Agencerie - Agence immobili\u00e8re Hossegor"}]},"geo.placename":"Soorts-Hossegor","geo.position":{"lat":"43.673814","long":"-1.379478"},"geo.region":"France"},"_links":{"self":[{"href":"https:\/\/www.lagencerie.fr\/hossegor\/wp-json\/wp\/v2\/pages\/289","targetHints":{"allow":["GET"]}}],"collection":[{"href":"https:\/\/www.lagencerie.fr\/hossegor\/wp-json\/wp\/v2\/pages"}],"about":[{"href":"https:\/\/www.lagencerie.fr\/hossegor\/wp-json\/wp\/v2\/types\/page"}],"author":[{"embeddable":true,"href":"https:\/\/www.lagencerie.fr\/hossegor\/wp-json\/wp\/v2\/users\/1"}],"replies":[{"embeddable":true,"href":"https:\/\/www.lagencerie.fr\/hossegor\/wp-json\/wp\/v2\/comments?post=289"}],"version-history":[{"count":2,"href":"https:\/\/www.lagencerie.fr\/hossegor\/wp-json\/wp\/v2\/pages\/289\/revisions"}],"predecessor-version":[{"id":292,"href":"https:\/\/www.lagencerie.fr\/hossegor\/wp-json\/wp\/v2\/pages\/289\/revisions\/292"}],"wp:attachment":[{"href":"https:\/\/www.lagencerie.fr\/hossegor\/wp-json\/wp\/v2\/media?parent=289"}],"curies":[{"name":"wp","href":"https:\/\/api.w.org\/{rel}","templated":true}]}}